{"id":2546,"date":"2025-04-29T09:46:48","date_gmt":"2025-04-29T09:46:48","guid":{"rendered":"https:\/\/www.marcvernier.fr\/praxisdesign\/blog\/?page_id=2546"},"modified":"2026-01-12T18:23:50","modified_gmt":"2026-01-12T18:23:50","slug":"arts-plastiques-visuels","status":"publish","type":"page","link":"https:\/\/www.marcvernier.fr\/praxisdesign\/blog\/arts-plastiques-visuels\/","title":{"rendered":"Arts visuels"},"content":{"rendered":"\n<h1 class=\"wp-block-heading\">Arts visuels<\/h1>\n\n\n\n<h2 class=\"wp-block-heading\">A brand new world<\/h2>\n\n\n\n<div class=\"wp-block-group is-nowrap is-layout-flex wp-container-core-group-is-layout-6c531013 wp-block-group-is-layout-flex\">\n<p>En r\u00e9action \u00e0 l&rsquo;omnipr\u00e9sence des marques commerciales dans tous les aspects de la vie, ce projet s&rsquo;est amus\u00e9 \u00e0 radicaliser avec humour cette contamination en conf\u00e9rant \u00e0 d&#8217;embl\u00e9matiques logos des statuts magiques, fonctionnels, voire comestibles : portrait d&rsquo;indig\u00e8nes tatou\u00e9s, projets d&rsquo;\u00e9difices religieux, jouets pour enfants ou adulte, ou encore junk food. Un projet qui a finalement \u00e9t\u00e9 rattrap\u00e9 et d\u00e9pass\u00e9 par la r\u00e9alit\u00e9.&nbsp;<br>2001-2005<br><\/p>\n<\/div>\n\n\n\n<div class=\"wp-block-group alignfull has-global-padding is-layout-constrained wp-block-group-is-layout-constrained\" style=\"margin-top:0;margin-bottom:0;padding-top:var(--wp--preset--spacing--50);padding-bottom:var(--wp--preset--spacing--50)\">\n<div class=\"wp-block-group alignwide is-layout-grid wp-container-core-group-is-layout-21f393a4 wp-block-group-is-layout-grid\">\n<figure class=\"wp-block-image size-full\"><a href=\"https:\/\/www.marcvernier.fr\/wp-content\/uploads\/2025\/04\/brandnewwworld-01.jpg\" target=\"_blank\" rel=\" noreferrer noopener\"><img alt=\"Marc Vernier, arts plastiques et visuels\" loading=\"lazy\" decoding=\"async\" width=\"1900\" height=\"1140\" src=\"https:\/\/www.marcvernier.fr\/wp-content\/uploads\/2025\/04\/brandnewwworld-01.jpg\" alt=\"\" class=\"wp-image-2526\" style=\"aspect-ratio:1;object-fit:cover\" srcset=\"https:\/\/www.marcvernier.fr\/wp-content\/uploads\/2025\/04\/brandnewwworld-01.jpg 1900w, https:\/\/www.marcvernier.fr\/wp-content\/uploads\/2025\/04\/brandnewwworld-01-300x180.jpg 300w, https:\/\/www.marcvernier.fr\/wp-content\/uploads\/2025\/04\/brandnewwworld-01-1024x614.jpg 1024w, https:\/\/www.marcvernier.fr\/wp-content\/uploads\/2025\/04\/brandnewwworld-01-768x461.jpg 768w, https:\/\/www.marcvernier.fr\/wp-content\/uploads\/2025\/04\/brandnewwworld-01-1536x922.jpg 1536w\" sizes=\"auto, (max-width: 1900px) 100vw, 1900px\" \/><\/a><figcaption class=\"wp-element-caption\">Brand Junk Food. expo \u00ab\u00a0Hors d&rsquo;\u0153uvre\u00a0\u00bb CAPC Bordeaux 2004<\/figcaption><\/figure>\n\n\n\n<figure class=\"wp-block-image size-full\"><a href=\"https:\/\/www.marcvernier.fr\/wp-content\/uploads\/2025\/04\/brandnewwworld-03.jpg\" target=\"_blank\" rel=\" noreferrer noopener\"><img alt=\"Marc Vernier, arts plastiques et visuels\" loading=\"lazy\" decoding=\"async\" width=\"1900\" height=\"1140\" src=\"https:\/\/www.marcvernier.fr\/wp-content\/uploads\/2025\/04\/brandnewwworld-03.jpg\" alt=\"\" class=\"wp-image-2528\" style=\"aspect-ratio:1;object-fit:cover\" srcset=\"https:\/\/www.marcvernier.fr\/wp-content\/uploads\/2025\/04\/brandnewwworld-03.jpg 1900w, https:\/\/www.marcvernier.fr\/wp-content\/uploads\/2025\/04\/brandnewwworld-03-300x180.jpg 300w, https:\/\/www.marcvernier.fr\/wp-content\/uploads\/2025\/04\/brandnewwworld-03-1024x614.jpg 1024w, https:\/\/www.marcvernier.fr\/wp-content\/uploads\/2025\/04\/brandnewwworld-03-768x461.jpg 768w, https:\/\/www.marcvernier.fr\/wp-content\/uploads\/2025\/04\/brandnewwworld-03-1536x922.jpg 1536w\" sizes=\"auto, (max-width: 1900px) 100vw, 1900px\" \/><\/a><figcaption class=\"wp-element-caption\">Brand Junk Food. expo \u00ab\u00a0Hors d&rsquo;\u0153uvre\u00a0\u00bb CAPC Bordeaux 2004<\/figcaption><\/figure>\n\n\n\n<figure class=\"wp-block-image size-full\"><a href=\"https:\/\/www.marcvernier.fr\/wp-content\/uploads\/2025\/04\/brandnewwworld-05.jpg\" target=\"_blank\" rel=\" noreferrer noopener\"><img alt=\"Marc Vernier, arts plastiques et visuels\" loading=\"lazy\" decoding=\"async\" width=\"1900\" height=\"1140\" src=\"https:\/\/www.marcvernier.fr\/wp-content\/uploads\/2025\/04\/brandnewwworld-05.jpg\" alt=\"\" class=\"wp-image-2530\" style=\"aspect-ratio:1;object-fit:cover\" srcset=\"https:\/\/www.marcvernier.fr\/wp-content\/uploads\/2025\/04\/brandnewwworld-05.jpg 1900w, https:\/\/www.marcvernier.fr\/wp-content\/uploads\/2025\/04\/brandnewwworld-05-300x180.jpg 300w, https:\/\/www.marcvernier.fr\/wp-content\/uploads\/2025\/04\/brandnewwworld-05-1024x614.jpg 1024w, https:\/\/www.marcvernier.fr\/wp-content\/uploads\/2025\/04\/brandnewwworld-05-768x461.jpg 768w, https:\/\/www.marcvernier.fr\/wp-content\/uploads\/2025\/04\/brandnewwworld-05-1536x922.jpg 1536w\" sizes=\"auto, (max-width: 1900px) 100vw, 1900px\" \/><\/a><figcaption class=\"wp-element-caption\">Google six pack. 2005<\/figcaption><\/figure>\n\n\n\n<figure class=\"wp-block-image size-full\"><a href=\"https:\/\/www.marcvernier.fr\/wp-content\/uploads\/2025\/04\/brandnewwworld-06.jpg\" target=\"_blank\" rel=\" noreferrer noopener\"><img alt=\"Marc Vernier, arts plastiques et visuels\" loading=\"lazy\" decoding=\"async\" width=\"1900\" height=\"1140\" src=\"https:\/\/www.marcvernier.fr\/wp-content\/uploads\/2025\/04\/brandnewwworld-06.jpg\" alt=\"\" class=\"wp-image-2531\" style=\"aspect-ratio:1;object-fit:cover\" srcset=\"https:\/\/www.marcvernier.fr\/wp-content\/uploads\/2025\/04\/brandnewwworld-06.jpg 1900w, https:\/\/www.marcvernier.fr\/wp-content\/uploads\/2025\/04\/brandnewwworld-06-300x180.jpg 300w, https:\/\/www.marcvernier.fr\/wp-content\/uploads\/2025\/04\/brandnewwworld-06-1024x614.jpg 1024w, https:\/\/www.marcvernier.fr\/wp-content\/uploads\/2025\/04\/brandnewwworld-06-768x461.jpg 768w, https:\/\/www.marcvernier.fr\/wp-content\/uploads\/2025\/04\/brandnewwworld-06-1536x922.jpg 1536w\" sizes=\"auto, (max-width: 1900px) 100vw, 1900px\" \/><\/a><figcaption class=\"wp-element-caption\">RoadStar project. expo Cortex Athletico, Bordeaux, 2004<\/figcaption><\/figure>\n\n\n\n<figure class=\"wp-block-image size-full\"><a href=\"https:\/\/www.marcvernier.fr\/wp-content\/uploads\/2025\/04\/brandnewwworld-04.jpg\" target=\"_blank\" rel=\" noreferrer noopener\"><img alt=\"Marc Vernier, arts plastiques et visuels\" loading=\"lazy\" decoding=\"async\" width=\"1900\" height=\"1140\" src=\"https:\/\/www.marcvernier.fr\/wp-content\/uploads\/2025\/04\/brandnewwworld-04.jpg\" alt=\"\" class=\"wp-image-2529\" style=\"aspect-ratio:1;object-fit:cover\" srcset=\"https:\/\/www.marcvernier.fr\/wp-content\/uploads\/2025\/04\/brandnewwworld-04.jpg 1900w, https:\/\/www.marcvernier.fr\/wp-content\/uploads\/2025\/04\/brandnewwworld-04-300x180.jpg 300w, https:\/\/www.marcvernier.fr\/wp-content\/uploads\/2025\/04\/brandnewwworld-04-1024x614.jpg 1024w, https:\/\/www.marcvernier.fr\/wp-content\/uploads\/2025\/04\/brandnewwworld-04-768x461.jpg 768w, https:\/\/www.marcvernier.fr\/wp-content\/uploads\/2025\/04\/brandnewwworld-04-1536x922.jpg 1536w\" sizes=\"auto, (max-width: 1900px) 100vw, 1900px\" \/><\/a><figcaption class=\"wp-element-caption\">Jeux d&rsquo;enfant, la boite de Logo, 2003<\/figcaption><\/figure>\n\n\n\n<figure class=\"wp-block-image size-full\"><a href=\"https:\/\/www.marcvernier.fr\/wp-content\/uploads\/2025\/04\/brandnewwworld-13.jpg\" target=\"_blank\" rel=\" noreferrer noopener\"><img alt=\"Marc Vernier, arts plastiques et visuels\" loading=\"lazy\" decoding=\"async\" width=\"1900\" height=\"1140\" src=\"https:\/\/www.marcvernier.fr\/wp-content\/uploads\/2025\/04\/brandnewwworld-13.jpg\" alt=\"\" class=\"wp-image-2538\" style=\"aspect-ratio:1;object-fit:cover\" srcset=\"https:\/\/www.marcvernier.fr\/wp-content\/uploads\/2025\/04\/brandnewwworld-13.jpg 1900w, https:\/\/www.marcvernier.fr\/wp-content\/uploads\/2025\/04\/brandnewwworld-13-300x180.jpg 300w, https:\/\/www.marcvernier.fr\/wp-content\/uploads\/2025\/04\/brandnewwworld-13-1024x614.jpg 1024w, https:\/\/www.marcvernier.fr\/wp-content\/uploads\/2025\/04\/brandnewwworld-13-768x461.jpg 768w, https:\/\/www.marcvernier.fr\/wp-content\/uploads\/2025\/04\/brandnewwworld-13-1536x922.jpg 1536w\" sizes=\"auto, (max-width: 1900px) 100vw, 1900px\" \/><\/a><figcaption class=\"wp-element-caption\">Jumpin&rsquo;Nike, 2003<\/figcaption><\/figure>\n\n\n\n<figure class=\"wp-block-image size-full\"><a href=\"https:\/\/www.marcvernier.fr\/wp-content\/uploads\/2025\/05\/brandnewwworld-16B.jpg\" target=\"_blank\" rel=\" noreferrer noopener\"><img alt=\"\" loading=\"lazy\" decoding=\"async\" width=\"1900\" height=\"1140\" src=\"https:\/\/www.marcvernier.fr\/wp-content\/uploads\/2025\/05\/brandnewwworld-16B.jpg\" alt=\"\" class=\"wp-image-2877\" style=\"aspect-ratio:1;object-fit:cover\" srcset=\"https:\/\/www.marcvernier.fr\/wp-content\/uploads\/2025\/05\/brandnewwworld-16B.jpg 1900w, https:\/\/www.marcvernier.fr\/wp-content\/uploads\/2025\/05\/brandnewwworld-16B-300x180.jpg 300w, https:\/\/www.marcvernier.fr\/wp-content\/uploads\/2025\/05\/brandnewwworld-16B-1024x614.jpg 1024w, https:\/\/www.marcvernier.fr\/wp-content\/uploads\/2025\/05\/brandnewwworld-16B-768x461.jpg 768w, https:\/\/www.marcvernier.fr\/wp-content\/uploads\/2025\/05\/brandnewwworld-16B-1536x922.jpg 1536w\" sizes=\"auto, (max-width: 1900px) 100vw, 1900px\" \/><\/a><figcaption class=\"wp-element-caption\">American dream, expo \u00ab\u00a0Perav Prod\u00a0\u00bb, Bordeaux, 2001<\/figcaption><\/figure>\n\n\n\n<figure class=\"wp-block-image size-full wp-container-content-79286276\"><a href=\"https:\/\/www.marcvernier.fr\/wp-content\/uploads\/2025\/04\/brandnewwworld-14.jpg\" target=\"_blank\" rel=\" noreferrer noopener\"><img alt=\"Marc Vernier, arts plastiques et visuels\" loading=\"lazy\" decoding=\"async\" width=\"1900\" height=\"1140\" src=\"https:\/\/www.marcvernier.fr\/wp-content\/uploads\/2025\/04\/brandnewwworld-14.jpg\" alt=\"\" class=\"wp-image-2539\" style=\"aspect-ratio:1;object-fit:cover\" srcset=\"https:\/\/www.marcvernier.fr\/wp-content\/uploads\/2025\/04\/brandnewwworld-14.jpg 1900w, https:\/\/www.marcvernier.fr\/wp-content\/uploads\/2025\/04\/brandnewwworld-14-300x180.jpg 300w, https:\/\/www.marcvernier.fr\/wp-content\/uploads\/2025\/04\/brandnewwworld-14-1024x614.jpg 1024w, https:\/\/www.marcvernier.fr\/wp-content\/uploads\/2025\/04\/brandnewwworld-14-768x461.jpg 768w, https:\/\/www.marcvernier.fr\/wp-content\/uploads\/2025\/04\/brandnewwworld-14-1536x922.jpg 1536w\" sizes=\"auto, (max-width: 1900px) 100vw, 1900px\" \/><\/a><figcaption class=\"wp-element-caption\">Nouveaux mondes, expo Garage moderne, Bordeaux, 2002<\/figcaption><\/figure>\n<\/div>\n<\/div>\n\n\n\n<h2 class=\"wp-block-heading\">New orders<\/h2>\n\n\n\n<p>Peindre des vues nocturnes d&rsquo;une mappemonde urbanis\u00e9e au-del\u00e0 du r\u00e9el, classer les drapeaux du monde par couleurs, dessiner de 0 \u00e0 15 ans.. Ces s\u00e9quences de s\u00e9ries de dessins, collages ou peintures ont fait suite au projet <em>brand new world<\/em>.<br>2007-2011<br><\/p>\n\n\n\n<div class=\"wp-block-group alignfull has-global-padding is-layout-constrained wp-block-group-is-layout-constrained\" style=\"margin-top:0;margin-bottom:0;padding-top:var(--wp--preset--spacing--50);padding-bottom:var(--wp--preset--spacing--50)\">\n<div class=\"wp-block-group alignwide is-layout-grid wp-container-core-group-is-layout-21f393a4 wp-block-group-is-layout-grid\">\n<figure class=\"wp-block-image size-full\"><a href=\"https:\/\/www.marcvernier.fr\/wp-content\/uploads\/2025\/04\/brandnewwworld-07.jpg\" target=\"_blank\" rel=\" noreferrer noopener\"><img alt=\"Marc Vernier, arts plastiques et visuels\" loading=\"lazy\" decoding=\"async\" width=\"1900\" height=\"1140\" src=\"https:\/\/www.marcvernier.fr\/wp-content\/uploads\/2025\/04\/brandnewwworld-07.jpg\" alt=\"\" class=\"wp-image-2532\" style=\"aspect-ratio:1;object-fit:cover\" srcset=\"https:\/\/www.marcvernier.fr\/wp-content\/uploads\/2025\/04\/brandnewwworld-07.jpg 1900w, https:\/\/www.marcvernier.fr\/wp-content\/uploads\/2025\/04\/brandnewwworld-07-300x180.jpg 300w, https:\/\/www.marcvernier.fr\/wp-content\/uploads\/2025\/04\/brandnewwworld-07-1024x614.jpg 1024w, https:\/\/www.marcvernier.fr\/wp-content\/uploads\/2025\/04\/brandnewwworld-07-768x461.jpg 768w, https:\/\/www.marcvernier.fr\/wp-content\/uploads\/2025\/04\/brandnewwworld-07-1536x922.jpg 1536w\" sizes=\"auto, (max-width: 1900px) 100vw, 1900px\" \/><\/a><\/figure>\n\n\n\n<figure class=\"wp-block-image size-full\"><a href=\"https:\/\/www.marcvernier.fr\/wp-content\/uploads\/2025\/04\/brandnewwworld-12.jpg\" target=\"_blank\" rel=\" noreferrer noopener\"><img alt=\"Marc Vernier, arts plastiques et visuels\" loading=\"lazy\" decoding=\"async\" width=\"1900\" height=\"1140\" src=\"https:\/\/www.marcvernier.fr\/wp-content\/uploads\/2025\/04\/brandnewwworld-12.jpg\" alt=\"\" class=\"wp-image-2537\" style=\"aspect-ratio:1;object-fit:cover\" srcset=\"https:\/\/www.marcvernier.fr\/wp-content\/uploads\/2025\/04\/brandnewwworld-12.jpg 1900w, https:\/\/www.marcvernier.fr\/wp-content\/uploads\/2025\/04\/brandnewwworld-12-300x180.jpg 300w, https:\/\/www.marcvernier.fr\/wp-content\/uploads\/2025\/04\/brandnewwworld-12-1024x614.jpg 1024w, https:\/\/www.marcvernier.fr\/wp-content\/uploads\/2025\/04\/brandnewwworld-12-768x461.jpg 768w, https:\/\/www.marcvernier.fr\/wp-content\/uploads\/2025\/04\/brandnewwworld-12-1536x922.jpg 1536w\" sizes=\"auto, (max-width: 1900px) 100vw, 1900px\" \/><\/a><\/figure>\n\n\n\n<figure class=\"wp-block-image size-full\"><a href=\"https:\/\/www.marcvernier.fr\/wp-content\/uploads\/2025\/08\/marc-vernier-dancing-map.jpg\" target=\"_blank\" rel=\" noreferrer noopener\"><img alt=\"\" loading=\"lazy\" decoding=\"async\" width=\"1900\" height=\"1140\" src=\"https:\/\/www.marcvernier.fr\/wp-content\/uploads\/2025\/08\/marc-vernier-dancing-map.jpg\" alt=\"\" class=\"wp-image-3139\" style=\"aspect-ratio:1;object-fit:cover\" srcset=\"https:\/\/www.marcvernier.fr\/wp-content\/uploads\/2025\/08\/marc-vernier-dancing-map.jpg 1900w, https:\/\/www.marcvernier.fr\/wp-content\/uploads\/2025\/08\/marc-vernier-dancing-map-300x180.jpg 300w, https:\/\/www.marcvernier.fr\/wp-content\/uploads\/2025\/08\/marc-vernier-dancing-map-1024x614.jpg 1024w, https:\/\/www.marcvernier.fr\/wp-content\/uploads\/2025\/08\/marc-vernier-dancing-map-768x461.jpg 768w, https:\/\/www.marcvernier.fr\/wp-content\/uploads\/2025\/08\/marc-vernier-dancing-map-1536x922.jpg 1536w\" sizes=\"auto, (max-width: 1900px) 100vw, 1900px\" \/><\/a><\/figure>\n\n\n\n<figure class=\"wp-block-image size-full\"><a href=\"https:\/\/www.marcvernier.fr\/wp-content\/uploads\/2025\/04\/brandnewwworld-10.jpg\" target=\"_blank\" rel=\" noreferrer noopener\"><img loading=\"lazy\" decoding=\"async\" width=\"1900\" height=\"1140\" src=\"https:\/\/www.marcvernier.fr\/wp-content\/uploads\/2025\/04\/brandnewwworld-10.jpg\" alt=\"Marc Vernier, arts plastiques et visuels\" class=\"wp-image-2535\" style=\"aspect-ratio:1;object-fit:cover\" srcset=\"https:\/\/www.marcvernier.fr\/wp-content\/uploads\/2025\/04\/brandnewwworld-10.jpg 1900w, https:\/\/www.marcvernier.fr\/wp-content\/uploads\/2025\/04\/brandnewwworld-10-300x180.jpg 300w, https:\/\/www.marcvernier.fr\/wp-content\/uploads\/2025\/04\/brandnewwworld-10-1024x614.jpg 1024w, https:\/\/www.marcvernier.fr\/wp-content\/uploads\/2025\/04\/brandnewwworld-10-768x461.jpg 768w, https:\/\/www.marcvernier.fr\/wp-content\/uploads\/2025\/04\/brandnewwworld-10-1536x922.jpg 1536w\" sizes=\"auto, (max-width: 1900px) 100vw, 1900px\" \/><\/a><\/figure>\n<\/div>\n<\/div>\n\n\n\n<h2 class=\"wp-block-heading\">D\u00e9sordres passagers<\/h2>\n\n\n\n\n\n\n\n<p>Cet ensemble d&rsquo;installations, performances, vid\u00e9os et photographies, regroup\u00e9es sous le titre de D\u00e9sordres passagers est le r\u00e9sultat d&rsquo;un r\u00e9sidence de recherche de plusieurs mois au sein du Centre Hospitalier Sp\u00e9cialis\u00e9 Vauclaire, situ\u00e9 \u00e0 Montpon-M\u00e9nest\u00e9rol (24), men\u00e9e dans le cadre du programme R\u00e9sidences de l&rsquo;art en Dordogne-P\u00e9rigord d e l\u00a0\u00bbAgence culturelle du D\u00e9partement. Fond\u00e9 sur l&rsquo;exploration des lieux, les rencontres et les exp\u00e9rimentations inspir\u00e9es par ce contexte, ce travail s&rsquo;est attach\u00e9 \u00e0 mettre en sc\u00e8ne en milieu psychiatrique une certaine id\u00e9e de l&rsquo;absurdit\u00e9 et de la folie douce, avec la complicit\u00e9 des r\u00e9sidents permanents et des professionnels qui les accompagnent quotidiennement. Un projet men\u00e9 en 2012 qui s&rsquo;est poursuivi en 2014 et 2016 lors d&rsquo;interventions ponctuelles.<\/p>\n\n\n\n<h2 class=\"wp-block-heading\">Prairires<\/h2>\n\n\n\n<p>Semis \u00e9ph\u00e9m\u00e8res d&rsquo;onomatop\u00e9es dans des prairies fleuries (selon m\u00e9t\u00e9o depuis 2011).<\/p>\n\n\n\n<figure class=\"wp-block-image size-large\"><img alt=\"Marc Vernier, arts plastiques et visuels\" loading=\"lazy\" decoding=\"async\" width=\"1024\" height=\"614\" src=\"https:\/\/www.marcvernier.fr\/wp-content\/uploads\/2025\/04\/prairires-3-1024x614.jpg\" alt=\"\" class=\"wp-image-2543\" srcset=\"https:\/\/www.marcvernier.fr\/wp-content\/uploads\/2025\/04\/prairires-3-1024x614.jpg 1024w, https:\/\/www.marcvernier.fr\/wp-content\/uploads\/2025\/04\/prairires-3-300x180.jpg 300w, https:\/\/www.marcvernier.fr\/wp-content\/uploads\/2025\/04\/prairires-3-768x461.jpg 768w, https:\/\/www.marcvernier.fr\/wp-content\/uploads\/2025\/04\/prairires-3-1536x922.jpg 1536w, https:\/\/www.marcvernier.fr\/wp-content\/uploads\/2025\/04\/prairires-3.jpg 1900w\" sizes=\"auto, (max-width: 1024px) 100vw, 1024px\" \/><\/figure>\n\n\n\n<hr class=\"wp-block-separator has-alpha-channel-opacity\"\/>\n\n\n\n<p><\/p>\n\n\n\n<figure class=\"wp-block-video\"><video autoplay controls muted src=\"https:\/\/marcadi.ch\/zvideos\/prairires_v2%20(1080p).mp4\"><\/video><\/figure>\n\n\n\n<p>&gt;&gt; <a href=\"https:\/\/www.marcvernier.fr\/praxisdesign\/blog\/commandes-publiques-et-un-pour-cent-artistiques\/\">commandes artistiques<\/a> | <a href=\"https:\/\/www.marcvernier.fr\/praxisdesign\/blog\/design-graphique-communication-visuelle\/\">design graphique<\/a> | <a href=\"https:\/\/www.marcvernier.fr\/praxisdesign\/blog\/actions-culturelles\/\">actions culturelles<\/a><\/p>\n","protected":false},"excerpt":{"rendered":"<p>Arts visuels A brand new world En r\u00e9action \u00e0 l&rsquo;omnipr\u00e9sence des marques commerciales dans tous les aspects de la vie, ce projet s&rsquo;est amus\u00e9 \u00e0 radicaliser avec humour cette contamination en conf\u00e9rant \u00e0 d&#8217;embl\u00e9matiques logos des statuts magiques, fonctionnels, voire comestibles : portrait d&rsquo;indig\u00e8nes tatou\u00e9s, projets d&rsquo;\u00e9difices religieux, jouets pour enfants ou adulte, ou encore [&hellip;]<\/p>\n","protected":false},"author":2,"featured_media":0,"parent":0,"menu_order":0,"comment_status":"closed","ping_status":"open","template":"","meta":{"_seopress_robots_primary_cat":"","_seopress_titles_title":"","_seopress_titles_desc":"","_seopress_robots_index":"","footnotes":""},"class_list":["post-2546","page","type-page","status-publish","hentry"],"_links":{"self":[{"href":"https:\/\/www.marcvernier.fr\/praxisdesign\/blog\/wp-json\/wp\/v2\/pages\/2546","targetHints":{"allow":["GET"]}}],"collection":[{"href":"https:\/\/www.marcvernier.fr\/praxisdesign\/blog\/wp-json\/wp\/v2\/pages"}],"about":[{"href":"https:\/\/www.marcvernier.fr\/praxisdesign\/blog\/wp-json\/wp\/v2\/types\/page"}],"author":[{"embeddable":true,"href":"https:\/\/www.marcvernier.fr\/praxisdesign\/blog\/wp-json\/wp\/v2\/users\/2"}],"replies":[{"embeddable":true,"href":"https:\/\/www.marcvernier.fr\/praxisdesign\/blog\/wp-json\/wp\/v2\/comments?post=2546"}],"version-history":[{"count":22,"href":"https:\/\/www.marcvernier.fr\/praxisdesign\/blog\/wp-json\/wp\/v2\/pages\/2546\/revisions"}],"predecessor-version":[{"id":15830,"href":"https:\/\/www.marcvernier.fr\/praxisdesign\/blog\/wp-json\/wp\/v2\/pages\/2546\/revisions\/15830"}],"wp:attachment":[{"href":"https:\/\/www.marcvernier.fr\/praxisdesign\/blog\/wp-json\/wp\/v2\/media?parent=2546"}],"curies":[{"name":"wp","href":"https:\/\/api.w.org\/{rel}","templated":true}]}}