{"id":2669,"date":"2025-04-29T10:04:36","date_gmt":"2025-04-29T10:04:36","guid":{"rendered":"https:\/\/www.marcvernier.fr\/praxisdesign\/blog\/?page_id=2669"},"modified":"2025-08-07T16:51:54","modified_gmt":"2025-08-07T16:51:54","slug":"bio-express","status":"publish","type":"page","link":"https:\/\/www.marcvernier.fr\/praxisdesign\/blog\/bio-express\/","title":{"rendered":"Bio express"},"content":{"rendered":"\n<div class=\"wp-block-columns is-layout-flex wp-container-core-columns-is-layout-28f84493 wp-block-columns-is-layout-flex\">\n<div class=\"wp-block-column is-layout-flow wp-block-column-is-layout-flow\">\n<p class=\"has-medium-font-size\">Artiste-auteur ind\u00e9pendant depuis 1987 apr\u00e8s cinq ans d\u2019\u00e9tudes dans une remuante \u00e9cole des Beaux-arts de&nbsp; Bordeaux durant lesquels j\u2019ai d\u00e9marr\u00e9 une activit\u00e9 professionnelle de plasticien graphiste et vid\u00e9aste avant m\u00eame d\u2019avoir mon dipl\u00f4me en poche, j\u2019ai poursuivi mon parcours au contact de commanditaires et de projets tr\u00e8s diversifi\u00e9s tout en menant des exp\u00e9rimentations entrem\u00ealant bande magn\u00e9tique et pellicule. Alternant cr\u00e9ations (info)graphiques, \u00e9ditions papier, production et r\u00e9alisation de vid\u00e9oclips et fictions burlesques, je me suis retrouv\u00e9 dans le m\u00eame temps \u00e0 la t\u00eate d\u2019une association de plasticiens d\u00e9termin\u00e9s \u00e0 faire bouger les lignes en mati\u00e8re de diffusion artistique dans l\u2019espace public. Une p\u00e9riode durant laquelle j\u2019ai acquis une expertise en production et direction de projet. Toujours impliqu\u00e9 dans des projets artistiques \u00e9clectiques regroup\u00e9es sous le nom de <a href=\"https:\/\/marcadi.ch\" data-type=\"link\" data-id=\"mrcadi.ch\" target=\"_blank\" rel=\"noreferrer noopener\">Marc Adi<\/a>, j\u2019interviens d\u00e9sormais sur des march\u00e9s de commandes publiques et 1&nbsp;% artistiques. Un domaine o\u00f9 je cultive plus que jamais une approche r\u00e9solument prospective et collective.<\/p>\n<\/div>\n\n\n\n<div class=\"wp-block-column is-layout-flow wp-block-column-is-layout-flow\">\n<p class=\"has-medium-font-size\"><em>Independent artist-author since 1987, following five dynamic years of study at the \u00c9cole des Beaux-Arts in Bordeaux, during which I began my professional activity as a visual artist, graphic designer, and videomaker even before obtaining my diploma. I continued my journey working with a variety of clients and projects, while experimenting with the interplay of magnetic tape and film. Alternating between (info)graphic creations, print publishing, and the production and direction of music videos and burlesque fiction, I also found myself leading an association of visual artists committed to shaking up the public art dissemination landscape. This period allowed me to develop expertise in project production and management. Still engaged in eclectic artistic projects under the name <a href=\"https:\/\/marcadi.ch\" data-type=\"link\" data-id=\"marcadi.ch\" target=\"_blank\" rel=\"noreferrer noopener\">Marc Adi<\/a>, I now work primarily in the field of public commissions and the 1% art scheme\u2014an area where I cultivate a resolutely forward-looking and collective approach.<\/em><\/p>\n<\/div>\n<\/div>\n","protected":false},"excerpt":{"rendered":"<p>Artiste-auteur ind\u00e9pendant depuis 1987 apr\u00e8s cinq ans d\u2019\u00e9tudes dans une remuante \u00e9cole des Beaux-arts de&nbsp; Bordeaux durant lesquels j\u2019ai d\u00e9marr\u00e9 une activit\u00e9 professionnelle de plasticien graphiste et vid\u00e9aste avant m\u00eame d\u2019avoir mon dipl\u00f4me en poche, j\u2019ai poursuivi mon parcours au contact de commanditaires et de projets tr\u00e8s diversifi\u00e9s tout en menant des exp\u00e9rimentations entrem\u00ealant bande [&hellip;]<\/p>\n","protected":false},"author":2,"featured_media":0,"parent":0,"menu_order":0,"comment_status":"closed","ping_status":"open","template":"","meta":{"_seopress_robots_primary_cat":"","_seopress_titles_title":"","_seopress_titles_desc":"","_seopress_robots_index":"","footnotes":""},"class_list":["post-2669","page","type-page","status-publish","hentry"],"_links":{"self":[{"href":"https:\/\/www.marcvernier.fr\/praxisdesign\/blog\/wp-json\/wp\/v2\/pages\/2669","targetHints":{"allow":["GET"]}}],"collection":[{"href":"https:\/\/www.marcvernier.fr\/praxisdesign\/blog\/wp-json\/wp\/v2\/pages"}],"about":[{"href":"https:\/\/www.marcvernier.fr\/praxisdesign\/blog\/wp-json\/wp\/v2\/types\/page"}],"author":[{"embeddable":true,"href":"https:\/\/www.marcvernier.fr\/praxisdesign\/blog\/wp-json\/wp\/v2\/users\/2"}],"replies":[{"embeddable":true,"href":"https:\/\/www.marcvernier.fr\/praxisdesign\/blog\/wp-json\/wp\/v2\/comments?post=2669"}],"version-history":[{"count":24,"href":"https:\/\/www.marcvernier.fr\/praxisdesign\/blog\/wp-json\/wp\/v2\/pages\/2669\/revisions"}],"predecessor-version":[{"id":3117,"href":"https:\/\/www.marcvernier.fr\/praxisdesign\/blog\/wp-json\/wp\/v2\/pages\/2669\/revisions\/3117"}],"wp:attachment":[{"href":"https:\/\/www.marcvernier.fr\/praxisdesign\/blog\/wp-json\/wp\/v2\/media?parent=2669"}],"curies":[{"name":"wp","href":"https:\/\/api.w.org\/{rel}","templated":true}]}}