{"id":2679,"date":"2025-04-29T10:15:35","date_gmt":"2025-04-29T10:15:35","guid":{"rendered":"https:\/\/www.marcvernier.fr\/praxisdesign\/blog\/?page_id=2679"},"modified":"2025-08-08T09:03:32","modified_gmt":"2025-08-08T09:03:32","slug":"mentions-legales","status":"publish","type":"page","link":"https:\/\/www.marcvernier.fr\/praxisdesign\/blog\/mentions-legales\/","title":{"rendered":"Mentions l\u00e9gales"},"content":{"rendered":"\n<h1 class=\"wp-block-heading\">mentions l\u00e9gales<\/h1>\n\n\n\n<div class=\"wp-block-columns is-layout-flex wp-container-core-columns-is-layout-28f84493 wp-block-columns-is-layout-flex\">\n<div class=\"wp-block-column is-layout-flow wp-block-column-is-layout-flow\">\n<p class=\"has-medium-font-size\">Toutes les cr\u00e9ations pr\u00e9sent\u00e9es dans ces pages sont des cr\u00e9ations originales de Marc Vernier ou des co-cr\u00e9ations avec des auteur.ices dont les noms sont mentionn\u00e9s dans les pages correspondantes. Tous droits r\u00e9serv\u00e9s, toute reproduction m\u00eame partielle, est autoris\u00e9e dans un but non lucratif \u00e0 l&rsquo;exclusion de tout autre et sous r\u00e9serve de mentionner la source, les auteur.ices et les ayant-droits.<\/p>\n\n\n\n<p class=\"has-medium-font-size\">Photos : Marc Vernier<br>sauf 1, 2, 3 dans actions culturelles\/m\u00e9moire en Aspe : <br><a href=\"https:\/\/annelaureboyer.com\/\" data-type=\"link\" data-id=\"https:\/\/annelaureboyer.com\/\" target=\"_blank\" rel=\"noreferrer noopener\">Anne-Laure Boyer<\/a>, <br>&amp; 1, 2, 3, 10 dans actions culturelles\/aux500diables\/carnaval : <br><a href=\"https:\/\/bruitdufrigo.com\/\" target=\"_blank\" rel=\"noreferrer noopener\">Bruit du frigo<\/a><br><br>publi\u00e9 par EI Marc Vernier<br>43 rue Denise F-33300 BORDEAUX<br>+33 (0)9 50 57 00 61<br><br>SIRET 342 787 959 000 51<br><\/p>\n<\/div>\n\n\n\n<div class=\"wp-block-column is-layout-flow wp-block-column-is-layout-flow\">\n<p class=\"has-medium-font-size\"><em>All the creations presented on these pages are original works by Marc Vernier, or co-creations with authors whose names are mentioned on the corresponding pages. All rights reserved. Reproduction, even partial, is permitted for non-commercial purposes only, provided the source, authors, and rights holders are clearly credited.<\/em><\/p>\n\n\n\n<p class=\"has-medium-font-size\"><em>Photos<strong>:<\/strong> Marc Vernier<br>except 1, 2, 3 in cultural-initiatives\/memoire-en-aspe:<br><a href=\"https:\/\/annelaureboyer.com\/\" target=\"_blank\" rel=\"noreferrer noopener\">Anne-Laure Boyer<\/a><br>and 1, 2, 3, 10 in cultural-initiatives\/aux500diables\/carnaval: <a href=\"https:\/\/bruitdufrigo.com\/\" target=\"_blank\" rel=\"noreferrer noopener\">Bruit du frigo<\/a><br><br>published by EI Marc Vernier<br>43 rue Denise F-33300 BORDEAUX<br>+33 (0)9 50 57 00 61<br><br>SIRET 342 787 959 000 51<\/em><\/p>\n<\/div>\n<\/div>\n\n\n\n<h1 class=\"wp-block-heading\">\u00c9co-conception<\/h1>\n\n\n\n<figure class=\"wp-block-image size-full\"><a href=\"https:\/\/www.marcvernier.fr\/wp-content\/uploads\/2025\/04\/AsurG.jpg\"><img alt=\"\" loading=\"lazy\" decoding=\"async\" width=\"570\" height=\"114\" src=\"https:\/\/www.marcvernier.fr\/wp-content\/uploads\/2025\/04\/AsurG.jpg\" alt=\"\" class=\"wp-image-2726\" srcset=\"https:\/\/www.marcvernier.fr\/wp-content\/uploads\/2025\/04\/AsurG.jpg 570w, https:\/\/www.marcvernier.fr\/wp-content\/uploads\/2025\/04\/AsurG-300x60.jpg 300w\" sizes=\"auto, (max-width: 570px) 100vw, 570px\" \/><\/a><\/figure>\n\n\n\n<div class=\"wp-block-columns is-layout-flex wp-container-core-columns-is-layout-28f84493 wp-block-columns-is-layout-flex\">\n<div class=\"wp-block-column is-layout-flow wp-block-column-is-layout-flow\">\n<p class=\"has-medium-font-size\">Ce site a \u00e9t\u00e9 class\u00e9 <strong>A<\/strong> avec un score de 85\/100 suite au test de performance et empreinte environnementale sur <a href=\"https:\/\/www.ecoindex.fr\/\">EcoIndex.fr<\/a><br><br>Une centaine de visites sur ce site consommera 2,5 litres <a href=\"https:\/\/aquagir.fr\/gestion-milieux-aquatiques\/connaissances\/leau-bleu-et-leau-verte-quelles-differences-et-quelle-gestion\/\">d&rsquo;eau bleue<\/a> et g\u00e9n\u00e8rera 170 g de gaz \u00e0 effet de serre.<br>Vous aussi, \u00e9valuez l&#8217;empreinte environnementale de votre site et <a href=\"https:\/\/collectif.greenit.fr\/ecoconception-web\/\">adoptez des bonnes pratiques<\/a> pour optimiser son \u00e9co-conception.<br><br>Site d\u00e9velopp\u00e9 sous <a href=\"https:\/\/fr.wordpress.org\/\">WordPress<\/a> \u00e0 partir du th\u00e8me<br>Twenty Twenty Five. H\u00e9berg\u00e9 chez <a href=\"https:\/\/www.ovhcloud.com\/fr\/\">OVH<\/a>.<\/p>\n<\/div>\n\n\n\n<div class=\"wp-block-column is-layout-flow wp-block-column-is-layout-flow\">\n<p class=\"has-medium-font-size\"><em>This website was rated A with a score of 85\/100 following a performance and environmental impact test on <a href=\"https:\/\/www.ecoindex.fr\/\">EcoIndex.fr<\/a>.<\/em><\/p>\n\n\n\n<p class=\"has-medium-font-size\"><em>One hundred visits to this site will consume approximately 2.5 liters of <a href=\"https:\/\/aquagir.fr\/gestion-milieux-aquatiques\/connaissances\/leau-bleu-et-leau-verte-quelles-differences-et-quelle-gestion\/\">blue water<\/a> and generate 170 grams of greenhouse gases.<\/em><\/p>\n\n\n\n<p class=\"has-medium-font-size\"><em>You too can assess the environmental footprint of your website and adopt <a href=\"https:\/\/collectif.greenit.fr\/ecoconception-web\/\">best practices<\/a> to improve its eco-design.<\/em><\/p>\n\n\n\n<p class=\"has-medium-font-size\"><em>Website developed with <a href=\"https:\/\/fr.wordpress.org\/\">WordPress<\/a> using the Twenty Twenty-Five theme. Hosted by <a href=\"https:\/\/www.ovhcloud.com\/fr\/\">OVH<\/a>.<\/em><\/p>\n<\/div>\n<\/div>\n\n\n\n<h1 class=\"wp-block-heading\">IA et copyright<\/h1>\n\n\n\n<div class=\"wp-block-columns is-layout-flex wp-container-core-columns-is-layout-28f84493 wp-block-columns-is-layout-flex\">\n<div class=\"wp-block-column is-layout-flow wp-block-column-is-layout-flow\">\n<p class=\"has-medium-font-size\">En r\u00e9ponse aux pratiques de pillage sur le web des diff\u00e9rents mod\u00e8les d&rsquo;IA qui m\u00e9prisent les droits d&rsquo;auteurs, certaines images de ce site ont \u00e9t\u00e9 empoisonn\u00e9es gr\u00e2ce \u00e0 l&rsquo;outil <a href=\"https:\/\/nightshade.cs.uchicago.edu\/aboutus.html\">Nightshade<\/a>, Un traitement susceptible de d\u00e9clencher chez eux des hallucinations. Nightshade, et son alter-ego Glaze qui lui rend les images difficilement lisibles, sont des outils gratuits qui rencontrent un vif succ\u00e8s. Ils sont d\u00e9velopp\u00e9s par une \u00e9quipe d&rsquo;\u00e9tudiants et d&rsquo;enseignants chercheurs de l&rsquo;universit\u00e9 de Chicago (USA).<\/p>\n<\/div>\n\n\n\n<div class=\"wp-block-column is-layout-flow wp-block-column-is-layout-flow\">\n<p class=\"has-medium-font-size\"><em>In response to the rampant web scraping practices by various AI models that disregard copyright, some images on this site have been \u201cpoisoned\u201d using the <a href=\"https:\/\/nightshade.cs.uchicago.edu\/aboutus.html\">Nightshade<\/a> tool\u2014 a treatment designed to trigger hallucinations in those models. Nightshade, along with its counterpart Glaze\u2014which makes images difficult to read\u2014are free tools enjoying widespread use. They were developed by a team of students and faculty researchers at the University of Chicago (USA).<\/em><\/p>\n<\/div>\n<\/div>\n","protected":false},"excerpt":{"rendered":"<p>mentions l\u00e9gales Toutes les cr\u00e9ations pr\u00e9sent\u00e9es dans ces pages sont des cr\u00e9ations originales de Marc Vernier ou des co-cr\u00e9ations avec des auteur.ices dont les noms sont mentionn\u00e9s dans les pages correspondantes. Tous droits r\u00e9serv\u00e9s, toute reproduction m\u00eame partielle, est autoris\u00e9e dans un but non lucratif \u00e0 l&rsquo;exclusion de tout autre et sous r\u00e9serve de mentionner [&hellip;]<\/p>\n","protected":false},"author":2,"featured_media":0,"parent":0,"menu_order":0,"comment_status":"closed","ping_status":"closed","template":"","meta":{"_seopress_robots_primary_cat":"","_seopress_titles_title":"","_seopress_titles_desc":"","_seopress_robots_index":"","footnotes":""},"class_list":["post-2679","page","type-page","status-publish","hentry"],"_links":{"self":[{"href":"https:\/\/www.marcvernier.fr\/praxisdesign\/blog\/wp-json\/wp\/v2\/pages\/2679","targetHints":{"allow":["GET"]}}],"collection":[{"href":"https:\/\/www.marcvernier.fr\/praxisdesign\/blog\/wp-json\/wp\/v2\/pages"}],"about":[{"href":"https:\/\/www.marcvernier.fr\/praxisdesign\/blog\/wp-json\/wp\/v2\/types\/page"}],"author":[{"embeddable":true,"href":"https:\/\/www.marcvernier.fr\/praxisdesign\/blog\/wp-json\/wp\/v2\/users\/2"}],"replies":[{"embeddable":true,"href":"https:\/\/www.marcvernier.fr\/praxisdesign\/blog\/wp-json\/wp\/v2\/comments?post=2679"}],"version-history":[{"count":40,"href":"https:\/\/www.marcvernier.fr\/praxisdesign\/blog\/wp-json\/wp\/v2\/pages\/2679\/revisions"}],"predecessor-version":[{"id":3118,"href":"https:\/\/www.marcvernier.fr\/praxisdesign\/blog\/wp-json\/wp\/v2\/pages\/2679\/revisions\/3118"}],"wp:attachment":[{"href":"https:\/\/www.marcvernier.fr\/praxisdesign\/blog\/wp-json\/wp\/v2\/media?parent=2679"}],"curies":[{"name":"wp","href":"https:\/\/api.w.org\/{rel}","templated":true}]}}