{"id":2829,"date":"2025-05-02T13:46:38","date_gmt":"2025-05-02T13:46:38","guid":{"rendered":"https:\/\/www.marcvernier.fr\/praxisdesign\/blog\/?page_id=2829"},"modified":"2025-08-17T13:48:18","modified_gmt":"2025-08-17T13:48:18","slug":"archives-departementales-de-la-gironde","status":"publish","type":"page","link":"https:\/\/www.marcvernier.fr\/praxisdesign\/blog\/archives-departementales-de-la-gironde\/","title":{"rendered":"Memento vit\u00e6"},"content":{"rendered":"\n<h1 class=\"wp-block-heading\">Memento vit\u00e6<\/h1>\n\n\n\n<figure class=\"wp-block-image alignwide size-large\"><a href=\"https:\/\/www.marcvernier.fr\/wp-content\/uploads\/2025\/05\/archives-01.jpg\"><img alt=\"Marc Vernier,1% artistique Archives d\u00e9partementales de la Gironde\" loading=\"lazy\" decoding=\"async\" width=\"1024\" height=\"614\" src=\"https:\/\/www.marcvernier.fr\/wp-content\/uploads\/2025\/05\/archives-01-1024x614.jpg\" alt=\"\" class=\"wp-image-2825\" srcset=\"https:\/\/www.marcvernier.fr\/wp-content\/uploads\/2025\/05\/archives-01-1024x614.jpg 1024w, https:\/\/www.marcvernier.fr\/wp-content\/uploads\/2025\/05\/archives-01-300x180.jpg 300w, https:\/\/www.marcvernier.fr\/wp-content\/uploads\/2025\/05\/archives-01-768x461.jpg 768w, https:\/\/www.marcvernier.fr\/wp-content\/uploads\/2025\/05\/archives-01-1536x922.jpg 1536w, https:\/\/www.marcvernier.fr\/wp-content\/uploads\/2025\/05\/archives-01.jpg 1900w\" sizes=\"auto, (max-width: 1024px) 100vw, 1024px\" \/><\/a><\/figure>\n\n\n\n<p>La configuration des lieux fait de l&rsquo;acc\u00e8s \u00e0 la salle de lecture un temps fort. Dissimul\u00e9 au bout d&rsquo;un interminable hall d&rsquo;entr\u00e9e, l&rsquo;imposant patio qui y m\u00e8ne d\u00e9voile son volume au dernier moment, offrant \u00e0 la lumi\u00e8re naturelle une remarquable perc\u00e9e z\u00e9nithale le long d&rsquo;un mur de pierre blonde, en vis-\u00e0-vis d&rsquo;un vaste aplat rouge r\u00e9chauffant la temp\u00e9rature des couleurs. Il d\u00e9bouche sur un plateau clair et presque vide de tout mobilier, par ailleurs tr\u00e8s pr\u00e9sent au rez-de-chauss\u00e9e, qu&rsquo;il rythme et lie de part en part d&rsquo;une tonalit\u00e9 ludique aux couleurs vives et chaleureuses.<\/p>\n\n\n\n<p>L&rsquo;endroit id\u00e9al o\u00f9 cr\u00e9er la surprise en y inscrivant intimement une proposition aux proportions du lieu et faisant \u00e9cho \u00e0 son contenu, juste avant l&rsquo;espace d\u00e9di\u00e9 \u00e0 sa consultation. Un geste fort et minimaliste, fond\u00e9 sur la l\u00e9g\u00e8ret\u00e9, le mouvement, exprimant joyeusement une vitalit\u00e9 certaine via des mati\u00e8res et formes \u00e9l\u00e9mentaires, jouant avec la lumi\u00e8re comme avec les courants d&rsquo;air,<\/p>\n\n\n\n<p>Ce grand l\u00e2cher de feuilles ou pages est un support d&rsquo;imaginaires. Il peut autant faire penser \u00e0 une bourrasque de flocons de neige, une pluie de p\u00e9tales, une nu\u00e9e de tapis volants, qu&rsquo;\u00e0 un l\u00e2cher documentaire plus ou moins volontaire. C&rsquo;est aussi un frais et joyeux d\u00e9sordre un peu envo\u00fbtant qui taquinera le visiteur lors de sa premi\u00e8re ascension de l&rsquo;escalier. Et saura installer une vraie complicit\u00e9, lectures faites.<\/p>\n\n\n\n<p class=\"has-small-font-size\"><em>200 feuilles 33&#215;45 cm en aluminium thermo-laqu\u00e9 + traitement anti-statique, mont\u00e9es sur tiges inox. Fixation au mur r\u00e9versible via un syst\u00e8me de fourreaux.<\/em> <em>1 % artistique des Archives d\u00e9partementales de la Gironde<\/em>. <em>Offre non retenue, 2011<\/em><\/p>\n\n\n\n<figure class=\"wp-block-image size-large\"><a href=\"https:\/\/www.marcvernier.fr\/wp-content\/uploads\/2025\/05\/archives-03.jpg\"><img alt=\"Marc Vernier,1% artistique Archives d\u00e9partementales de la Gironde\" loading=\"lazy\" decoding=\"async\" width=\"1024\" height=\"614\" src=\"https:\/\/www.marcvernier.fr\/wp-content\/uploads\/2025\/05\/archives-03-1024x614.jpg\" alt=\"\" class=\"wp-image-2827\" srcset=\"https:\/\/www.marcvernier.fr\/wp-content\/uploads\/2025\/05\/archives-03-1024x614.jpg 1024w, https:\/\/www.marcvernier.fr\/wp-content\/uploads\/2025\/05\/archives-03-300x180.jpg 300w, https:\/\/www.marcvernier.fr\/wp-content\/uploads\/2025\/05\/archives-03-768x461.jpg 768w, https:\/\/www.marcvernier.fr\/wp-content\/uploads\/2025\/05\/archives-03-1536x922.jpg 1536w, https:\/\/www.marcvernier.fr\/wp-content\/uploads\/2025\/05\/archives-03.jpg 1900w\" sizes=\"auto, (max-width: 1024px) 100vw, 1024px\" \/><\/a><\/figure>\n\n\n\n<figure class=\"wp-block-image size-large\"><a href=\"https:\/\/www.marcvernier.fr\/wp-content\/uploads\/2025\/05\/archives-02.jpg\"><img alt=\"Marc Vernier,1% artistique Archives d\u00e9partementales de la Gironde\" loading=\"lazy\" decoding=\"async\" width=\"1024\" height=\"614\" src=\"https:\/\/www.marcvernier.fr\/wp-content\/uploads\/2025\/05\/archives-02-1024x614.jpg\" alt=\"\" class=\"wp-image-2826\" srcset=\"https:\/\/www.marcvernier.fr\/wp-content\/uploads\/2025\/05\/archives-02-1024x614.jpg 1024w, https:\/\/www.marcvernier.fr\/wp-content\/uploads\/2025\/05\/archives-02-300x180.jpg 300w, https:\/\/www.marcvernier.fr\/wp-content\/uploads\/2025\/05\/archives-02-768x461.jpg 768w, https:\/\/www.marcvernier.fr\/wp-content\/uploads\/2025\/05\/archives-02-1536x922.jpg 1536w, https:\/\/www.marcvernier.fr\/wp-content\/uploads\/2025\/05\/archives-02.jpg 1900w\" sizes=\"auto, (max-width: 1024px) 100vw, 1024px\" \/><\/a><\/figure>\n\n\n\n<figure class=\"wp-block-image size-large\"><a href=\"https:\/\/www.marcvernier.fr\/wp-content\/uploads\/2025\/05\/archives-04.jpg\"><img alt=\"Marc Vernier,1% artistique Archives d\u00e9partementales de la Gironde\" loading=\"lazy\" decoding=\"async\" width=\"1024\" height=\"614\" src=\"https:\/\/www.marcvernier.fr\/wp-content\/uploads\/2025\/05\/archives-04-1024x614.jpg\" alt=\"\" class=\"wp-image-2828\" srcset=\"https:\/\/www.marcvernier.fr\/wp-content\/uploads\/2025\/05\/archives-04-1024x614.jpg 1024w, https:\/\/www.marcvernier.fr\/wp-content\/uploads\/2025\/05\/archives-04-300x180.jpg 300w, https:\/\/www.marcvernier.fr\/wp-content\/uploads\/2025\/05\/archives-04-768x461.jpg 768w, https:\/\/www.marcvernier.fr\/wp-content\/uploads\/2025\/05\/archives-04-1536x922.jpg 1536w, https:\/\/www.marcvernier.fr\/wp-content\/uploads\/2025\/05\/archives-04.jpg 1900w\" sizes=\"auto, (max-width: 1024px) 100vw, 1024px\" \/><\/a><\/figure>\n","protected":false},"excerpt":{"rendered":"<p>Memento vit\u00e6 La configuration des lieux fait de l&rsquo;acc\u00e8s \u00e0 la salle de lecture un temps fort. Dissimul\u00e9 au bout d&rsquo;un interminable hall d&rsquo;entr\u00e9e, l&rsquo;imposant patio qui y m\u00e8ne d\u00e9voile son volume au dernier moment, offrant \u00e0 la lumi\u00e8re naturelle une remarquable perc\u00e9e z\u00e9nithale le long d&rsquo;un mur de pierre blonde, en vis-\u00e0-vis d&rsquo;un vaste [&hellip;]<\/p>\n","protected":false},"author":2,"featured_media":0,"parent":0,"menu_order":0,"comment_status":"closed","ping_status":"closed","template":"","meta":{"_seopress_robots_primary_cat":"","_seopress_titles_title":"","_seopress_titles_desc":"","_seopress_robots_index":"","footnotes":""},"class_list":["post-2829","page","type-page","status-publish","hentry"],"_links":{"self":[{"href":"https:\/\/www.marcvernier.fr\/praxisdesign\/blog\/wp-json\/wp\/v2\/pages\/2829","targetHints":{"allow":["GET"]}}],"collection":[{"href":"https:\/\/www.marcvernier.fr\/praxisdesign\/blog\/wp-json\/wp\/v2\/pages"}],"about":[{"href":"https:\/\/www.marcvernier.fr\/praxisdesign\/blog\/wp-json\/wp\/v2\/types\/page"}],"author":[{"embeddable":true,"href":"https:\/\/www.marcvernier.fr\/praxisdesign\/blog\/wp-json\/wp\/v2\/users\/2"}],"replies":[{"embeddable":true,"href":"https:\/\/www.marcvernier.fr\/praxisdesign\/blog\/wp-json\/wp\/v2\/comments?post=2829"}],"version-history":[{"count":2,"href":"https:\/\/www.marcvernier.fr\/praxisdesign\/blog\/wp-json\/wp\/v2\/pages\/2829\/revisions"}],"predecessor-version":[{"id":3246,"href":"https:\/\/www.marcvernier.fr\/praxisdesign\/blog\/wp-json\/wp\/v2\/pages\/2829\/revisions\/3246"}],"wp:attachment":[{"href":"https:\/\/www.marcvernier.fr\/praxisdesign\/blog\/wp-json\/wp\/v2\/media?parent=2829"}],"curies":[{"name":"wp","href":"https:\/\/api.w.org\/{rel}","templated":true}]}}