{"id":2913,"date":"2025-05-13T07:59:49","date_gmt":"2025-05-13T07:59:49","guid":{"rendered":"https:\/\/www.marcvernier.fr\/praxisdesign\/blog\/?page_id=2913"},"modified":"2025-08-22T12:57:34","modified_gmt":"2025-08-22T12:57:34","slug":"le-grand-dessein","status":"publish","type":"page","link":"https:\/\/www.marcvernier.fr\/praxisdesign\/blog\/le-grand-dessein\/","title":{"rendered":"Grand dessein"},"content":{"rendered":"\n\n\n\n\n<h1 class=\"wp-block-heading\">Le Grand dessein, <br>nouvelle cit\u00e9 administrative d&rsquo;\u00e9tat de Lyon<\/h1>\n\n\n\n<p>Con\u00e7ue et r\u00e9alis\u00e9e avec les illustratrices jeunesse et autrices de bande dessin\u00e9e <a href=\"https:\/\/www.instagram.com\/eponine_cottey\/\" target=\"_blank\" rel=\"noreferrer noopener\">\u00c9ponine Cottey<\/a>, <a href=\"https:\/\/www.instagram.com\/warion.duclos\/\" target=\"_blank\" rel=\"noreferrer noopener\">Marion Duclos<\/a>, <a href=\"https:\/\/www.instagram.com\/saehan_parc\/\" target=\"_blank\" rel=\"noreferrer noopener\">Saehan Parc<\/a>, <a href=\"https:\/\/www.instagram.com\/annemargotramstein\/\" target=\"_blank\" rel=\"noreferrer noopener\">Anne-Margot Ramstein<\/a> et le curateur <a href=\"https:\/\/www.instagram.com\/les_cahiers_lyophilises\/\" target=\"_blank\" rel=\"noreferrer noopener\">Thomas Bernard<\/a>, cette composition monumentale se d\u00e9voile au gr\u00e9 d\u2019un effet cin\u00e9tique dans le hall d\u2019accueil du public de la nouvelle cit\u00e9 administrative d\u2019\u00c9tat de Lyon. Repr\u00e9sentation joyeuse de la diversit\u00e9 de ses services et publics, ce&nbsp;Grand dessein&nbsp;qui offre mille et une lectures ludiques inspir\u00e9es par les jeux vid\u00e9o de plate-forme a \u00e9t\u00e9 r\u00e9alis\u00e9 \u00e0 partir de dessins cr\u00e9\u00e9s au moyen des techniques traditionnelles : encre, aquarelle, gouache. Dessins originaux dont une s\u00e9lection est pr\u00e9sent\u00e9e sous cadre dans les boxes o\u00f9 est re\u00e7u le public.&nbsp;Plusieurs autres interventions regroup\u00e9es sous le titre Les \u00e9chapp\u00e9es ont par ailleurs \u00e9t\u00e9 d\u00e9ploy\u00e9es dans les espaces communs pratiqu\u00e9s exclusivement par le personnel.<br>Une \u00e9dition intitul\u00e9e <a href=\"https:\/\/www.marcvernier.fr\/wp-content\/uploads\/2025\/08\/GDM-40P-JPEG.pdf\" target=\"_blank\" rel=\"noreferrer noopener\"><em>Gros dossier magazine<\/em><\/a> a \u00e9galement \u00e9t\u00e9 con\u00e7ue et diffus\u00e9e aupr\u00e8s de l&rsquo;ensemble du personnel de la cit\u00e9 administrative, dans lequel est propos\u00e9 une histoire dessin\u00e9e par toutes les autrices \u00e0 partir d&rsquo;un sc\u00e9nario de Thomas Bernard, accompagn\u00e9e de jeux. L&rsquo;\u00e9dition propose \u00e9galement des pr\u00e9sentations du projet, du dispositif 1%, de l&rsquo;\u00e9quipe et un dossier sp\u00e9cial sur la sc\u00e8ne lyonnaise de l&rsquo;illustration et de la bande dessin\u00e9e ind\u00e9pendante.<\/p>\n\n\n\n<p class=\"has-medium-font-size\"><em>1% artistique de la nouvelle cit\u00e9 administrative d\u2019\u00c9tat de Lyon. Impression sur stratifi\u00e9 HPL\u00a0,345 x 1400 cm + 142 lames en aluminium thermolaqu\u00e9 en deux teintes de 50 mm de large pour 3 d\u2019\u00e9paisseur chacune, espac\u00e9es de 10 cm.<br>Ma\u00eetrise d&rsquo;ouvrage : Pr\u00e9fecture de la r\u00e9gion Auvergne-Rh\u00f4ne Alpes. Maitrise d&rsquo;\u0153uvre, co-curatorat et co-cr\u00e9ation : Marc Vernier 2024-2025<\/em><br><\/p>\n\n\n\n<figure class=\"wp-block-image alignwide size-large\"><a href=\"https:\/\/www.marcvernier.fr\/wp-content\/uploads\/2025\/04\/NCAE-GRAND-DESSEIN-03.jpg\"><img loading=\"lazy\" decoding=\"async\" width=\"1024\" height=\"614\" src=\"https:\/\/www.marcvernier.fr\/wp-content\/uploads\/2025\/04\/NCAE-GRAND-DESSEIN-03-1024x614.jpg\" alt=\"Le Grand dessein, 1% artistique de la cit\u00e9 administrative d'\u00c9tat de Lyon\" class=\"wp-image-2573\" srcset=\"https:\/\/www.marcvernier.fr\/wp-content\/uploads\/2025\/04\/NCAE-GRAND-DESSEIN-03-1024x614.jpg 1024w, https:\/\/www.marcvernier.fr\/wp-content\/uploads\/2025\/04\/NCAE-GRAND-DESSEIN-03-300x180.jpg 300w, https:\/\/www.marcvernier.fr\/wp-content\/uploads\/2025\/04\/NCAE-GRAND-DESSEIN-03-768x461.jpg 768w, https:\/\/www.marcvernier.fr\/wp-content\/uploads\/2025\/04\/NCAE-GRAND-DESSEIN-03-1536x922.jpg 1536w, https:\/\/www.marcvernier.fr\/wp-content\/uploads\/2025\/04\/NCAE-GRAND-DESSEIN-03.jpg 1900w\" sizes=\"auto, (max-width: 1024px) 100vw, 1024px\" \/><\/a><\/figure>\n\n\n\n<figure class=\"wp-block-image alignwide size-large\"><a href=\"https:\/\/www.marcvernier.fr\/wp-content\/uploads\/2025\/08\/NCAE-ECHAPPEES-COOLOIR.jpg\"><img alt=\"\" loading=\"lazy\" decoding=\"async\" width=\"1024\" height=\"472\" src=\"https:\/\/www.marcvernier.fr\/wp-content\/uploads\/2025\/08\/NCAE-ECHAPPEES-COOLOIR-1024x472.jpg\" alt=\"\" class=\"wp-image-3250\" srcset=\"https:\/\/www.marcvernier.fr\/wp-content\/uploads\/2025\/08\/NCAE-ECHAPPEES-COOLOIR-1024x472.jpg 1024w, https:\/\/www.marcvernier.fr\/wp-content\/uploads\/2025\/08\/NCAE-ECHAPPEES-COOLOIR-300x138.jpg 300w, https:\/\/www.marcvernier.fr\/wp-content\/uploads\/2025\/08\/NCAE-ECHAPPEES-COOLOIR-768x354.jpg 768w, https:\/\/www.marcvernier.fr\/wp-content\/uploads\/2025\/08\/NCAE-ECHAPPEES-COOLOIR-1536x707.jpg 1536w, https:\/\/www.marcvernier.fr\/wp-content\/uploads\/2025\/08\/NCAE-ECHAPPEES-COOLOIR.jpg 1900w\" sizes=\"auto, (max-width: 1024px) 100vw, 1024px\" \/><\/a><\/figure>\n\n\n\n<figure class=\"wp-block-image alignwide size-large\"><a href=\"https:\/\/www.marcvernier.fr\/wp-content\/uploads\/2025\/08\/NCAE-ECHAPPEES-RIL.jpg\"><img alt=\"\" loading=\"lazy\" decoding=\"async\" width=\"1024\" height=\"472\" src=\"https:\/\/www.marcvernier.fr\/wp-content\/uploads\/2025\/08\/NCAE-ECHAPPEES-RIL-1024x472.jpg\" alt=\"\" class=\"wp-image-3251\" srcset=\"https:\/\/www.marcvernier.fr\/wp-content\/uploads\/2025\/08\/NCAE-ECHAPPEES-RIL-1024x472.jpg 1024w, https:\/\/www.marcvernier.fr\/wp-content\/uploads\/2025\/08\/NCAE-ECHAPPEES-RIL-300x138.jpg 300w, https:\/\/www.marcvernier.fr\/wp-content\/uploads\/2025\/08\/NCAE-ECHAPPEES-RIL-768x354.jpg 768w, https:\/\/www.marcvernier.fr\/wp-content\/uploads\/2025\/08\/NCAE-ECHAPPEES-RIL-1536x707.jpg 1536w, https:\/\/www.marcvernier.fr\/wp-content\/uploads\/2025\/08\/NCAE-ECHAPPEES-RIL.jpg 1900w\" sizes=\"auto, (max-width: 1024px) 100vw, 1024px\" \/><\/a><\/figure>\n","protected":false},"excerpt":{"rendered":"<p>Le Grand dessein, nouvelle cit\u00e9 administrative d&rsquo;\u00e9tat de Lyon Con\u00e7ue et r\u00e9alis\u00e9e avec les illustratrices jeunesse et autrices de bande dessin\u00e9e \u00c9ponine Cottey, Marion Duclos, Saehan Parc, Anne-Margot Ramstein et le curateur Thomas Bernard, cette composition monumentale se d\u00e9voile au gr\u00e9 d\u2019un effet cin\u00e9tique dans le hall d\u2019accueil du public de la nouvelle cit\u00e9 administrative [&hellip;]<\/p>\n","protected":false},"author":2,"featured_media":0,"parent":0,"menu_order":0,"comment_status":"closed","ping_status":"closed","template":"","meta":{"_seopress_robots_primary_cat":"","_seopress_titles_title":"","_seopress_titles_desc":"","_seopress_robots_index":"","footnotes":""},"class_list":["post-2913","page","type-page","status-publish","hentry"],"_links":{"self":[{"href":"https:\/\/www.marcvernier.fr\/praxisdesign\/blog\/wp-json\/wp\/v2\/pages\/2913","targetHints":{"allow":["GET"]}}],"collection":[{"href":"https:\/\/www.marcvernier.fr\/praxisdesign\/blog\/wp-json\/wp\/v2\/pages"}],"about":[{"href":"https:\/\/www.marcvernier.fr\/praxisdesign\/blog\/wp-json\/wp\/v2\/types\/page"}],"author":[{"embeddable":true,"href":"https:\/\/www.marcvernier.fr\/praxisdesign\/blog\/wp-json\/wp\/v2\/users\/2"}],"replies":[{"embeddable":true,"href":"https:\/\/www.marcvernier.fr\/praxisdesign\/blog\/wp-json\/wp\/v2\/comments?post=2913"}],"version-history":[{"count":10,"href":"https:\/\/www.marcvernier.fr\/praxisdesign\/blog\/wp-json\/wp\/v2\/pages\/2913\/revisions"}],"predecessor-version":[{"id":3263,"href":"https:\/\/www.marcvernier.fr\/praxisdesign\/blog\/wp-json\/wp\/v2\/pages\/2913\/revisions\/3263"}],"wp:attachment":[{"href":"https:\/\/www.marcvernier.fr\/praxisdesign\/blog\/wp-json\/wp\/v2\/media?parent=2913"}],"curies":[{"name":"wp","href":"https:\/\/api.w.org\/{rel}","templated":true}]}}